{"id":421,"date":"2023-08-28T10:35:24","date_gmt":"2023-08-28T10:35:24","guid":{"rendered":"https:\/\/lilleskoven.com\/?page_id=421"},"modified":"2024-05-06T08:17:20","modified_gmt":"2024-05-06T08:17:20","slug":"ferie-og-lukkedage","status":"publish","type":"page","link":"https:\/\/lilleskoven.com\/index.php\/om-lilleskoven\/ferie-og-lukkedage\/","title":{"rendered":"Ferie og lukkedage"},"content":{"rendered":"<div id='full_slider_1'  class='avia-fullwidth-slider main_color avia-shadow   avia-builder-el-0  el_before_av_layout_row  avia-builder-el-first   container_wrap sidebar_right'  ><div  class='avia-slideshow av-7evkt-fded174ceec05f8797f697ecdeeb8516 avia-slideshow-featured_large av_slideshow_full avia-slide-slider av-slideshow-ui av-control-default av-slideshow-manual av-loop-once av-loop-manual-endless av-default-height-applied   avia-slideshow-1' data-slideshow-options=\"{&quot;animation&quot;:&quot;slide&quot;,&quot;autoplay&quot;:false,&quot;loop_autoplay&quot;:&quot;once&quot;,&quot;interval&quot;:5,&quot;loop_manual&quot;:&quot;manual-endless&quot;,&quot;autoplay_stopper&quot;:false,&quot;noNavigation&quot;:false,&quot;bg_slider&quot;:false,&quot;keep_padding&quot;:false,&quot;hoverpause&quot;:false,&quot;show_slide_delay&quot;:0}\"  itemprop=\"image\" itemscope=\"itemscope\" itemtype=\"https:\/\/schema.org\/ImageObject\" ><ul class='avia-slideshow-inner ' style='padding-bottom: 42%;'><li  class='avia-slideshow-slide av-7evkt-fded174ceec05f8797f697ecdeeb8516__0  av-single-slide slide-1 slide-odd'><div data-rel='slideshow-1' class='avia-slide-wrap '   ><img src='https:\/\/lilleskoven.com\/wp-content\/uploads\/2023\/08\/Lilleskoven-1-1500x630.webp' width='1500' height='630' title='Lilleskoven 1' alt=''  itemprop=\"thumbnailUrl\"   \/><\/div><\/li><\/ul><\/div><\/div>\n<div id='welcome'  class='av-layout-grid-container av-cgml-8701e8816bc1c6e51bb8e9394c294b36 entry-content-wrapper main_color av-fixed-cells  avia-builder-el-1  el_after_av_slideshow_full  el_before_av_section  grid-row-not-first  container_wrap sidebar_right'  >\n\n<style type=\"text\/css\" data-created_by=\"avia_inline_auto\" id=\"style-css-av-svpc5-9ff3288c80f411583568a5d214cd23f1\">\n.flex_cell.av-svpc5-9ff3288c80f411583568a5d214cd23f1{\nvertical-align:top;\nheight:5px;\nmin-height:5px;\nbackground-color:#719430;\n}\n.responsive #top #wrap_all .flex_cell.av-svpc5-9ff3288c80f411583568a5d214cd23f1{\npadding:0px 0px 0px 0px !important;\n}\n<\/style>\n<div class='flex_cell av-svpc5-9ff3288c80f411583568a5d214cd23f1 av-gridrow-cell av_one_fourth no_margin  avia-builder-el-2  el_before_av_cell_one_fourth  avia-builder-el-first  content-align-top av-zero-padding'  ><div class='flex_cell_inner'><\/div><\/div>\n<style type=\"text\/css\" data-created_by=\"avia_inline_auto\" id=\"style-css-av-konf9-303101820d3b720fe5193869738d91d4\">\n.flex_cell.av-konf9-303101820d3b720fe5193869738d91d4{\nvertical-align:top;\nheight:5px;\nmin-height:5px;\nbackground-color:#92bb46;\n}\n.responsive #top #wrap_all .flex_cell.av-konf9-303101820d3b720fe5193869738d91d4{\npadding:0px 0px 0px 0px !important;\n}\n<\/style>\n<div class='flex_cell av-konf9-303101820d3b720fe5193869738d91d4 av-gridrow-cell av_one_fourth no_margin  avia-builder-el-3  el_after_av_cell_one_fourth  el_before_av_cell_one_fourth  content-align-top av-zero-padding'  ><div class='flex_cell_inner'><\/div><\/div>\n<style type=\"text\/css\" data-created_by=\"avia_inline_auto\" id=\"style-css-av-huwm5-c1aa87d81c6a1392248dfefae4c8c4a8\">\n.flex_cell.av-huwm5-c1aa87d81c6a1392248dfefae4c8c4a8{\nvertical-align:top;\nheight:5px;\nmin-height:5px;\nbackground-color:#acd464;\n}\n.responsive #top #wrap_all .flex_cell.av-huwm5-c1aa87d81c6a1392248dfefae4c8c4a8{\npadding:0px 0px 0px 0px !important;\n}\n<\/style>\n<div class='flex_cell av-huwm5-c1aa87d81c6a1392248dfefae4c8c4a8 av-gridrow-cell av_one_fourth no_margin  avia-builder-el-4  el_after_av_cell_one_fourth  el_before_av_cell_one_fourth  content-align-top av-zero-padding'  ><div class='flex_cell_inner'><\/div><\/div>\n<style type=\"text\/css\" data-created_by=\"avia_inline_auto\" id=\"style-css-av-7fget-f870e7e05b86edf6ade63576a5fde5d5\">\n.flex_cell.av-7fget-f870e7e05b86edf6ade63576a5fde5d5{\nvertical-align:top;\nheight:5px;\nmin-height:5px;\nbackground-color:#e1fbb2;\n}\n.responsive #top #wrap_all .flex_cell.av-7fget-f870e7e05b86edf6ade63576a5fde5d5{\npadding:0px 0px 0px 0px !important;\n}\n<\/style>\n<div class='flex_cell av-7fget-f870e7e05b86edf6ade63576a5fde5d5 av-gridrow-cell av_one_fourth no_margin  avia-builder-el-5  el_after_av_cell_one_fourth  avia-builder-el-last  content-align-top av-zero-padding'  ><div class='flex_cell_inner'><\/div><\/div>\n<\/div>\n<div id='av_section_1'  class='avia-section av-e9g4d-30a63f0b510766711137ffc43c007254 main_color avia-section-default avia-no-border-styling  avia-builder-el-6  el_after_av_layout_row  el_before_av_section  avia-bg-style-scroll container_wrap sidebar_right'  ><div class='container av-section-cont-open' ><div class='template-page content  av-content-small alpha units'><div class='post-entry post-entry-type-page post-entry-421'><div class='entry-content-wrapper clearfix'>\n<div  class='flex_column av-bwf5x-d2a6bf2d0ae12803d359b06784f77eeb av_one_full  avia-builder-el-7  avia-builder-el-no-sibling  first flex_column_div  '     ><section  class='av_textblock_section av-lm0b4hwa-e3853365e982b0c4e4b40ba6394da2ba '   itemscope=\"itemscope\" itemtype=\"https:\/\/schema.org\/CreativeWork\" ><div class='avia_textblock'  itemprop=\"text\" ><h2>Ferie og lukkedage<\/h2>\n<h4>i lilleskovens b\u00f8rnehus<\/h4>\n<p>If\u00f8lge Dagtilbudsloven holdes lukket (uden mulighed for pasning) Grundlovsdag (5\/6) og juleaftensdag (24\/12).<\/p>\n<p>Derudover har bestyrelsen besluttet, at vi holder lukket f\u00f8lgende dage:<\/p>\n<ul>\n<li>Mandag, tirsdag og onsdag f\u00f8r p\u00e5ske<\/li>\n<li>Fredag efter Kristi Himmelfart<\/li>\n<li>Uge 29 og 30<\/li>\n<li>Mellem jul og nyt\u00e5r<\/li>\n<\/ul>\n<p>Dette g\u00f8res for, at vi kan v\u00e6re s\u00e5 mange medarbejdere p\u00e5 arbejde, n\u00e5r der er flest b\u00f8rn resten af \u00e5ret.<\/p>\n<p>Vi h\u00e5ber p\u00e5 alles opbakning til dette.<\/p>\n<p>Dog er vi pasningsforpligtet, hvis i ikke selv kan afholde ferie eller har andre muligheder for pasning. Der kan blive tale om, at jeres barn passes i en af Fyrt\u00e5rnets andre b\u00f8rnehuse (Rantzausminde og \u00d8rkildborgens B\u00f8rnehus).<\/p>\n<\/div><\/section><\/div><\/div><\/div><\/div><!-- close content main div --><\/div><\/div>\n<style type=\"text\/css\" data-created_by=\"avia_inline_auto\" id=\"style-css-av-1eaxzx-c3285b1ea11594c83d69955ef62723bc\">\n.avia-section.av-1eaxzx-c3285b1ea11594c83d69955ef62723bc .av-section-color-overlay{\nopacity:0.8;\nbackground-color:#000000;\n}\n<\/style>\n<div id='av_section_2'  class='avia-section av-1eaxzx-c3285b1ea11594c83d69955ef62723bc alternate_color avia-section-huge avia-no-border-styling  avia-builder-el-9  el_after_av_section  avia-builder-el-last  avia-bg-style-fixed av-section-color-overlay-active container_wrap sidebar_right'  ><div class=\"av-section-color-overlay-wrap\"><div class=\"av-section-color-overlay\"><\/div><div class='container av-section-cont-open' ><div class='template-page content  av-content-small alpha units'><div class='post-entry post-entry-type-page post-entry-421'><div class='entry-content-wrapper clearfix'>\n\n<style type=\"text\/css\" data-created_by=\"avia_inline_auto\" id=\"style-css-av-16ivfp-289e6f111b0489cdb79e9b540150ef45\">\n.flex_column.av-16ivfp-289e6f111b0489cdb79e9b540150ef45{\nborder-radius:0px 0px 0px 0px;\npadding:0px 0px 0px 0px;\n}\n<\/style>\n<div  class='flex_column av-16ivfp-289e6f111b0489cdb79e9b540150ef45 av_one_fifth  avia-builder-el-10  el_before_av_three_fifth  avia-builder-el-first  first flex_column_div av-zero-column-padding  '     ><\/div>\n<style type=\"text\/css\" data-created_by=\"avia_inline_auto\" id=\"style-css-av-14o6z1-db28d4dce00d96e0a2cd2f039108c004\">\n.flex_column.av-14o6z1-db28d4dce00d96e0a2cd2f039108c004{\nborder-radius:0px 0px 0px 0px;\npadding:0px 0px 0px 0px;\n}\n<\/style>\n<div  class='flex_column av-14o6z1-db28d4dce00d96e0a2cd2f039108c004 av_three_fifth  avia-builder-el-11  el_after_av_one_fifth  el_before_av_one_fifth  flex_column_div av-zero-column-padding  '     ><p>\n<style type=\"text\/css\" data-created_by=\"avia_inline_auto\" id=\"style-css-av-3hwqd-359bb7bbc8e174597dda150c05bbb536\">\n#top .av-special-heading.av-3hwqd-359bb7bbc8e174597dda150c05bbb536{\npadding-bottom:20px;\nfont-size:50px;\n}\nbody .av-special-heading.av-3hwqd-359bb7bbc8e174597dda150c05bbb536 .av-special-heading-tag .heading-char{\nfont-size:25px;\n}\n#top #wrap_all .av-special-heading.av-3hwqd-359bb7bbc8e174597dda150c05bbb536 .av-special-heading-tag{\nfont-size:50px;\n}\n.av-special-heading.av-3hwqd-359bb7bbc8e174597dda150c05bbb536 .av-subheading{\nfont-size:15px;\n}\n\n@media only screen and (min-width: 480px) and (max-width: 767px){ \n#top #wrap_all .av-special-heading.av-3hwqd-359bb7bbc8e174597dda150c05bbb536 .av-special-heading-tag{\nfont-size:0.8em;\n}\n}\n\n@media only screen and (max-width: 479px){ \n#top #wrap_all .av-special-heading.av-3hwqd-359bb7bbc8e174597dda150c05bbb536 .av-special-heading-tag{\nfont-size:0.8em;\n}\n}\n<\/style>\n<div  class='av-special-heading av-3hwqd-359bb7bbc8e174597dda150c05bbb536 av-special-heading-h1 blockquote modern-quote modern-centered  avia-builder-el-12  el_before_av_textblock  avia-builder-el-first  av-inherit-size'><h1 class='av-special-heading-tag '  itemprop=\"headline\"  >Kontakt os endelig<\/h1><div class=\"special-heading-border\"><div class=\"special-heading-inner-border\"><\/div><\/div><\/div><br \/>\n<section  class='av_textblock_section av-paivh-ca90c5feb4049c016d9b4d67fc2e4940 '   itemscope=\"itemscope\" itemtype=\"https:\/\/schema.org\/CreativeWork\" ><div class='avia_textblock'  itemprop=\"text\" ><p style=\"text-align: center;\">\u00d8nsker du at h\u00f8re mere om vores b\u00f8rnehus og de mange muligheder vi tilbyder &#8211; er du altid meget velkommen til at kontakte os p\u00e5 mail eller telefon.<\/p>\n<\/div><\/section><br \/>\n\n<style type=\"text\/css\" data-created_by=\"avia_inline_auto\" id=\"style-css-av-nf9kt-37e8247d5073ecc4f6e48d2265adcd04\">\n#top .hr.hr-invisible.av-nf9kt-37e8247d5073ecc4f6e48d2265adcd04{\nheight:20px;\n}\n<\/style>\n<div  class='hr av-nf9kt-37e8247d5073ecc4f6e48d2265adcd04 hr-invisible  avia-builder-el-14  el_after_av_textblock  el_before_av_button '><span class='hr-inner '><span class=\"hr-inner-style\"><\/span><\/span><\/div><br \/>\n<div  class='avia-button-wrap av-gzxn9-29e2147bdc3b60afc3e6e02923b9a0ef-wrap avia-button-center  avia-builder-el-15  el_after_av_hr  avia-builder-el-last '><a href='https:\/\/lilleskoven.com\/index.php\/kontakt\/'  class='avia-button av-gzxn9-29e2147bdc3b60afc3e6e02923b9a0ef av-link-btn avia-icon_select-yes-right-icon avia-size-large avia-position-center av-icon-on-hover avia-color-light'   aria-label=\"Ring eller skriv\"><span class='avia_iconbox_title' >Ring eller skriv<\/span><span class='avia_button_icon avia_button_icon_right avia-iconfont avia-font-entypo-fontello' data-av_icon='\ue806' data-av_iconfont='entypo-fontello' ><\/span><\/a><\/div><\/p><\/div>\n<style type=\"text\/css\" data-created_by=\"avia_inline_auto\" id=\"style-css-av-8p9bx-7dc125c9f4cc0c0dca2be8705cbdaf5a\">\n.flex_column.av-8p9bx-7dc125c9f4cc0c0dca2be8705cbdaf5a{\nborder-radius:0px 0px 0px 0px;\npadding:0px 0px 0px 0px;\n}\n<\/style>\n<div  class='flex_column av-8p9bx-7dc125c9f4cc0c0dca2be8705cbdaf5a av_one_fifth  avia-builder-el-16  el_after_av_three_fifth  avia-builder-el-last  flex_column_div av-zero-column-padding  '     ><\/div>\n<\/div><\/div><\/div><!-- close content main div --><\/div><\/div><\/div><div id='after_section_2'  class='main_color av_default_container_wrap container_wrap sidebar_right'  ><div class='container av-section-cont-open' ><div class='template-page content  av-content-small alpha units'><div class='post-entry post-entry-type-page post-entry-421'><div class='entry-content-wrapper clearfix'><\/p>\n","protected":false},"excerpt":{"rendered":"","protected":false},"author":2,"featured_media":0,"parent":417,"menu_order":0,"comment_status":"closed","ping_status":"closed","template":"","meta":{"inline_featured_image":false,"footnotes":""},"class_list":["post-421","page","type-page","status-publish","hentry"],"yoast_head":"<!-- This site is optimized with the Yoast SEO plugin v27.3 - https:\/\/yoast.com\/product\/yoast-seo-wordpress\/ -->\n<title>Ferie og lukkedage - Lilleskovens B\u00f8rnehus i Svendborg<\/title>\n<meta name=\"robots\" content=\"index, follow, max-snippet:-1, max-image-preview:large, max-video-preview:-1\" \/>\n<link rel=\"canonical\" href=\"https:\/\/lilleskoven.com\/index.php\/om-lilleskoven\/ferie-og-lukkedage\/\" \/>\n<meta property=\"og:locale\" content=\"da_DK\" \/>\n<meta property=\"og:type\" content=\"article\" \/>\n<meta property=\"og:title\" content=\"Ferie og lukkedage - Lilleskovens B\u00f8rnehus i Svendborg\" \/>\n<meta property=\"og:url\" content=\"https:\/\/lilleskoven.com\/index.php\/om-lilleskoven\/ferie-og-lukkedage\/\" \/>\n<meta property=\"og:site_name\" content=\"Lilleskovens B\u00f8rnehus i Svendborg\" \/>\n<meta property=\"article:modified_time\" content=\"2024-05-06T08:17:20+00:00\" \/>\n<meta name=\"twitter:card\" content=\"summary_large_image\" \/>\n<meta name=\"twitter:label1\" content=\"Estimeret l\u00e6setid\" \/>\n\t<meta name=\"twitter:data1\" content=\"1 minut\" \/>\n<script type=\"application\/ld+json\" class=\"yoast-schema-graph\">{\"@context\":\"https:\\\/\\\/schema.org\",\"@graph\":[{\"@type\":\"WebPage\",\"@id\":\"https:\\\/\\\/lilleskoven.com\\\/index.php\\\/om-lilleskoven\\\/ferie-og-lukkedage\\\/\",\"url\":\"https:\\\/\\\/lilleskoven.com\\\/index.php\\\/om-lilleskoven\\\/ferie-og-lukkedage\\\/\",\"name\":\"Ferie og lukkedage - Lilleskovens B\u00f8rnehus i Svendborg\",\"isPartOf\":{\"@id\":\"https:\\\/\\\/lilleskoven.com\\\/#website\"},\"datePublished\":\"2023-08-28T10:35:24+00:00\",\"dateModified\":\"2024-05-06T08:17:20+00:00\",\"breadcrumb\":{\"@id\":\"https:\\\/\\\/lilleskoven.com\\\/index.php\\\/om-lilleskoven\\\/ferie-og-lukkedage\\\/#breadcrumb\"},\"inLanguage\":\"da-DK\",\"potentialAction\":[{\"@type\":\"ReadAction\",\"target\":[\"https:\\\/\\\/lilleskoven.com\\\/index.php\\\/om-lilleskoven\\\/ferie-og-lukkedage\\\/\"]}]},{\"@type\":\"BreadcrumbList\",\"@id\":\"https:\\\/\\\/lilleskoven.com\\\/index.php\\\/om-lilleskoven\\\/ferie-og-lukkedage\\\/#breadcrumb\",\"itemListElement\":[{\"@type\":\"ListItem\",\"position\":1,\"name\":\"Hjem\",\"item\":\"https:\\\/\\\/lilleskoven.com\\\/\"},{\"@type\":\"ListItem\",\"position\":2,\"name\":\"Om Lilleskovens B\u00f8rnehus\",\"item\":\"https:\\\/\\\/lilleskoven.com\\\/index.php\\\/om-lilleskoven\\\/\"},{\"@type\":\"ListItem\",\"position\":3,\"name\":\"Ferie og lukkedage\"}]},{\"@type\":\"WebSite\",\"@id\":\"https:\\\/\\\/lilleskoven.com\\\/#website\",\"url\":\"https:\\\/\\\/lilleskoven.com\\\/\",\"name\":\"Lilleskovens B\u00f8rnehus i Svendborg\",\"description\":\"Dit valg af vuggestue og b\u00f8rnehave\",\"publisher\":{\"@id\":\"https:\\\/\\\/lilleskoven.com\\\/#organization\"},\"potentialAction\":[{\"@type\":\"SearchAction\",\"target\":{\"@type\":\"EntryPoint\",\"urlTemplate\":\"https:\\\/\\\/lilleskoven.com\\\/?s={search_term_string}\"},\"query-input\":{\"@type\":\"PropertyValueSpecification\",\"valueRequired\":true,\"valueName\":\"search_term_string\"}}],\"inLanguage\":\"da-DK\"},{\"@type\":\"Organization\",\"@id\":\"https:\\\/\\\/lilleskoven.com\\\/#organization\",\"name\":\"Lilleskovens B\u00f8rnehus i Svendborg\",\"url\":\"https:\\\/\\\/lilleskoven.com\\\/\",\"logo\":{\"@type\":\"ImageObject\",\"inLanguage\":\"da-DK\",\"@id\":\"https:\\\/\\\/lilleskoven.com\\\/#\\\/schema\\\/logo\\\/image\\\/\",\"url\":\"https:\\\/\\\/lilleskoven.com\\\/wp-content\\\/uploads\\\/2024\\\/01\\\/Logo.svg\",\"contentUrl\":\"https:\\\/\\\/lilleskoven.com\\\/wp-content\\\/uploads\\\/2024\\\/01\\\/Logo.svg\",\"width\":\"1030\",\"height\":\"1030\",\"caption\":\"Lilleskovens B\u00f8rnehus i Svendborg\"},\"image\":{\"@id\":\"https:\\\/\\\/lilleskoven.com\\\/#\\\/schema\\\/logo\\\/image\\\/\"}}]}<\/script>\n<!-- \/ Yoast SEO plugin. -->","yoast_head_json":{"title":"Ferie og lukkedage - Lilleskovens B\u00f8rnehus i Svendborg","robots":{"index":"index","follow":"follow","max-snippet":"max-snippet:-1","max-image-preview":"max-image-preview:large","max-video-preview":"max-video-preview:-1"},"canonical":"https:\/\/lilleskoven.com\/index.php\/om-lilleskoven\/ferie-og-lukkedage\/","og_locale":"da_DK","og_type":"article","og_title":"Ferie og lukkedage - Lilleskovens B\u00f8rnehus i Svendborg","og_url":"https:\/\/lilleskoven.com\/index.php\/om-lilleskoven\/ferie-og-lukkedage\/","og_site_name":"Lilleskovens B\u00f8rnehus i Svendborg","article_modified_time":"2024-05-06T08:17:20+00:00","twitter_card":"summary_large_image","twitter_misc":{"Estimeret l\u00e6setid":"1 minut"},"schema":{"@context":"https:\/\/schema.org","@graph":[{"@type":"WebPage","@id":"https:\/\/lilleskoven.com\/index.php\/om-lilleskoven\/ferie-og-lukkedage\/","url":"https:\/\/lilleskoven.com\/index.php\/om-lilleskoven\/ferie-og-lukkedage\/","name":"Ferie og lukkedage - Lilleskovens B\u00f8rnehus i Svendborg","isPartOf":{"@id":"https:\/\/lilleskoven.com\/#website"},"datePublished":"2023-08-28T10:35:24+00:00","dateModified":"2024-05-06T08:17:20+00:00","breadcrumb":{"@id":"https:\/\/lilleskoven.com\/index.php\/om-lilleskoven\/ferie-og-lukkedage\/#breadcrumb"},"inLanguage":"da-DK","potentialAction":[{"@type":"ReadAction","target":["https:\/\/lilleskoven.com\/index.php\/om-lilleskoven\/ferie-og-lukkedage\/"]}]},{"@type":"BreadcrumbList","@id":"https:\/\/lilleskoven.com\/index.php\/om-lilleskoven\/ferie-og-lukkedage\/#breadcrumb","itemListElement":[{"@type":"ListItem","position":1,"name":"Hjem","item":"https:\/\/lilleskoven.com\/"},{"@type":"ListItem","position":2,"name":"Om Lilleskovens B\u00f8rnehus","item":"https:\/\/lilleskoven.com\/index.php\/om-lilleskoven\/"},{"@type":"ListItem","position":3,"name":"Ferie og lukkedage"}]},{"@type":"WebSite","@id":"https:\/\/lilleskoven.com\/#website","url":"https:\/\/lilleskoven.com\/","name":"Lilleskovens B\u00f8rnehus i Svendborg","description":"Dit valg af vuggestue og b\u00f8rnehave","publisher":{"@id":"https:\/\/lilleskoven.com\/#organization"},"potentialAction":[{"@type":"SearchAction","target":{"@type":"EntryPoint","urlTemplate":"https:\/\/lilleskoven.com\/?s={search_term_string}"},"query-input":{"@type":"PropertyValueSpecification","valueRequired":true,"valueName":"search_term_string"}}],"inLanguage":"da-DK"},{"@type":"Organization","@id":"https:\/\/lilleskoven.com\/#organization","name":"Lilleskovens B\u00f8rnehus i Svendborg","url":"https:\/\/lilleskoven.com\/","logo":{"@type":"ImageObject","inLanguage":"da-DK","@id":"https:\/\/lilleskoven.com\/#\/schema\/logo\/image\/","url":"https:\/\/lilleskoven.com\/wp-content\/uploads\/2024\/01\/Logo.svg","contentUrl":"https:\/\/lilleskoven.com\/wp-content\/uploads\/2024\/01\/Logo.svg","width":"1030","height":"1030","caption":"Lilleskovens B\u00f8rnehus i Svendborg"},"image":{"@id":"https:\/\/lilleskoven.com\/#\/schema\/logo\/image\/"}}]}},"_links":{"self":[{"href":"https:\/\/lilleskoven.com\/index.php\/wp-json\/wp\/v2\/pages\/421","targetHints":{"allow":["GET"]}}],"collection":[{"href":"https:\/\/lilleskoven.com\/index.php\/wp-json\/wp\/v2\/pages"}],"about":[{"href":"https:\/\/lilleskoven.com\/index.php\/wp-json\/wp\/v2\/types\/page"}],"author":[{"embeddable":true,"href":"https:\/\/lilleskoven.com\/index.php\/wp-json\/wp\/v2\/users\/2"}],"replies":[{"embeddable":true,"href":"https:\/\/lilleskoven.com\/index.php\/wp-json\/wp\/v2\/comments?post=421"}],"version-history":[{"count":5,"href":"https:\/\/lilleskoven.com\/index.php\/wp-json\/wp\/v2\/pages\/421\/revisions"}],"predecessor-version":[{"id":642,"href":"https:\/\/lilleskoven.com\/index.php\/wp-json\/wp\/v2\/pages\/421\/revisions\/642"}],"up":[{"embeddable":true,"href":"https:\/\/lilleskoven.com\/index.php\/wp-json\/wp\/v2\/pages\/417"}],"wp:attachment":[{"href":"https:\/\/lilleskoven.com\/index.php\/wp-json\/wp\/v2\/media?parent=421"}],"curies":[{"name":"wp","href":"https:\/\/api.w.org\/{rel}","templated":true}]}}