{"id":429,"date":"2023-08-28T10:36:59","date_gmt":"2023-08-28T10:36:59","guid":{"rendered":"https:\/\/lilleskoven.com\/?page_id=429"},"modified":"2024-05-06T08:18:22","modified_gmt":"2024-05-06T08:18:22","slug":"bestyrelsen","status":"publish","type":"page","link":"https:\/\/lilleskoven.com\/index.php\/kontakt\/bestyrelsen\/","title":{"rendered":"Bestyrelsen"},"content":{"rendered":"<div id='full_slider_1'  class='avia-fullwidth-slider main_color avia-shadow   avia-builder-el-0  el_before_av_layout_row  avia-builder-el-first   container_wrap sidebar_right'  >\n<style type=\"text\/css\" data-created_by=\"avia_inline_auto\" id=\"style-css-av-lvklih8g-0b6c38252bfdb6a20b4f34d0fdd328a5\">\n#top #wrap_all .avia-slideshow .av-slideshow-caption.av-lvklih8g-0b6c38252bfdb6a20b4f34d0fdd328a5__0 .avia-caption-title{\nfont-size:60px;\n}\n#top .avia-slideshow .av-slideshow-caption.av-lvklih8g-0b6c38252bfdb6a20b4f34d0fdd328a5__0 .avia-caption-content{\nfont-size:24px;\n}\n#top .avia-slideshow .av-slideshow-caption.av-lvklih8g-0b6c38252bfdb6a20b4f34d0fdd328a5__0 .avia-caption-content p{\nfont-size:24px;\n}\n\n@media only screen and (min-width: 990px){ \n#top #wrap_all .avia-slideshow .av-slideshow-caption.av-lvklih8g-0b6c38252bfdb6a20b4f34d0fdd328a5__0 .avia-caption-title{\nfont-size:60px;\n}\n#top .avia-slideshow .av-slideshow-caption.av-lvklih8g-0b6c38252bfdb6a20b4f34d0fdd328a5__0 .avia-caption-content{\nfont-size:24px;\n}\n#top .avia-slideshow .av-slideshow-caption.av-lvklih8g-0b6c38252bfdb6a20b4f34d0fdd328a5__0 .avia-caption-content p{\nfont-size:24px;\n}\n}\n\n@media only screen and (min-width: 768px) and (max-width: 989px){ \n#top #wrap_all .avia-slideshow .av-slideshow-caption.av-lvklih8g-0b6c38252bfdb6a20b4f34d0fdd328a5__0 .avia-caption-title{\nfont-size:34px;\n}\n#top .avia-slideshow .av-slideshow-caption.av-lvklih8g-0b6c38252bfdb6a20b4f34d0fdd328a5__0 .avia-caption-content{\nfont-size:20px;\n}\n#top .avia-slideshow .av-slideshow-caption.av-lvklih8g-0b6c38252bfdb6a20b4f34d0fdd328a5__0 .avia-caption-content p{\nfont-size:20px;\n}\n}\n\n@media only screen and (min-width: 480px) and (max-width: 767px){ \n#top #wrap_all .avia-slideshow .av-slideshow-caption.av-lvklih8g-0b6c38252bfdb6a20b4f34d0fdd328a5__0 .avia-caption-title{\nfont-size:34px;\n}\n#top .avia-slideshow .av-slideshow-caption.av-lvklih8g-0b6c38252bfdb6a20b4f34d0fdd328a5__0 .avia-caption-content{\nfont-size:20px;\n}\n#top .avia-slideshow .av-slideshow-caption.av-lvklih8g-0b6c38252bfdb6a20b4f34d0fdd328a5__0 .avia-caption-content p{\nfont-size:20px;\n}\n}\n\n@media only screen and (max-width: 479px){ \n#top #wrap_all .avia-slideshow .av-slideshow-caption.av-lvklih8g-0b6c38252bfdb6a20b4f34d0fdd328a5__0 .avia-caption-title{\nfont-size:30px;\n}\n#top .avia-slideshow .av-slideshow-caption.av-lvklih8g-0b6c38252bfdb6a20b4f34d0fdd328a5__0 .avia-caption-content{\nfont-size:16px;\n}\n#top .avia-slideshow .av-slideshow-caption.av-lvklih8g-0b6c38252bfdb6a20b4f34d0fdd328a5__0 .avia-caption-content p{\nfont-size:16px;\n}\n}\n<\/style>\n<div  class='avia-slideshow av-lvklih8g-0b6c38252bfdb6a20b4f34d0fdd328a5 avia-slideshow-featured_large av_slideshow_full avia-slide-slider av-slideshow-ui av-control-default av-slideshow-manual av-loop-once av-loop-manual-endless av-default-height-applied   avia-slideshow-1' data-slideshow-options=\"{&quot;animation&quot;:&quot;slide&quot;,&quot;autoplay&quot;:false,&quot;loop_autoplay&quot;:&quot;once&quot;,&quot;interval&quot;:5,&quot;loop_manual&quot;:&quot;manual-endless&quot;,&quot;autoplay_stopper&quot;:false,&quot;noNavigation&quot;:false,&quot;bg_slider&quot;:false,&quot;keep_padding&quot;:false,&quot;hoverpause&quot;:false,&quot;show_slide_delay&quot;:0}\"  itemprop=\"image\" itemscope=\"itemscope\" itemtype=\"https:\/\/schema.org\/ImageObject\" ><ul class='avia-slideshow-inner ' style='padding-bottom: 42%;'><li  class='avia-slideshow-slide av-lvklih8g-0b6c38252bfdb6a20b4f34d0fdd328a5__0  av-single-slide slide-1 slide-odd'><div data-rel='slideshow-1' class='avia-slide-wrap '   ><div class='av-slideshow-caption av-lvklih8g-0b6c38252bfdb6a20b4f34d0fdd328a5__0 caption_fullwidth caption_center'><div class=\"container caption_container\"><div class=\"slideshow_caption\"><div class=\"slideshow_inner_caption\"><div class=\"slideshow_align_caption\"><h2 class='avia-caption-title '  itemprop=\"name\" >Bestyrelsen<\/h2><div class='avia-caption-content '  itemprop=\"description\" ><p>i Lilleskovens B\u00f8rnehus<\/p>\n<\/div><\/div><\/div><\/div><\/div><\/div><img src='https:\/\/lilleskoven.com\/wp-content\/uploads\/2024\/04\/Lilleskoven_0005__DSC7068-1500x630.jpg' width='1500' height='630' title='Lilleskoven_0005__DSC7068' alt=''  itemprop=\"thumbnailUrl\"   \/><div class='av-section-color-overlay' style='opacity: 0.3; background-color: #000000; '><\/div><\/div><\/li><\/ul><\/div><\/div>\n<div id='welcome'  class='av-layout-grid-container av-4mdm3p-8944a8b59316a24c545478121a07579c entry-content-wrapper main_color av-fixed-cells  avia-builder-el-1  el_after_av_slideshow_full  el_before_av_section  grid-row-not-first  container_wrap sidebar_right'  >\n\n<style type=\"text\/css\" data-created_by=\"avia_inline_auto\" id=\"style-css-av-fvhmt-015ca7504ffcb52a65850774bdac8d94\">\n.flex_cell.av-fvhmt-015ca7504ffcb52a65850774bdac8d94{\nvertical-align:top;\nheight:5px;\nmin-height:5px;\nbackground-color:#719430;\n}\n.responsive #top #wrap_all .flex_cell.av-fvhmt-015ca7504ffcb52a65850774bdac8d94{\npadding:0px 0px 0px 0px !important;\n}\n<\/style>\n<div class='flex_cell av-fvhmt-015ca7504ffcb52a65850774bdac8d94 av-gridrow-cell av_one_fourth no_margin  avia-builder-el-2  el_before_av_cell_one_fourth  avia-builder-el-first  content-align-top av-zero-padding'  ><div class='flex_cell_inner'><\/div><\/div>\n<style type=\"text\/css\" data-created_by=\"avia_inline_auto\" id=\"style-css-av-47h9gl-89f7775795dfd771a4a2d8048836da27\">\n.flex_cell.av-47h9gl-89f7775795dfd771a4a2d8048836da27{\nvertical-align:top;\nheight:5px;\nmin-height:5px;\nbackground-color:#92bb46;\n}\n.responsive #top #wrap_all .flex_cell.av-47h9gl-89f7775795dfd771a4a2d8048836da27{\npadding:0px 0px 0px 0px !important;\n}\n<\/style>\n<div class='flex_cell av-47h9gl-89f7775795dfd771a4a2d8048836da27 av-gridrow-cell av_one_fourth no_margin  avia-builder-el-3  el_after_av_cell_one_fourth  el_before_av_cell_one_fourth  content-align-top av-zero-padding'  ><div class='flex_cell_inner'><\/div><\/div>\n<style type=\"text\/css\" data-created_by=\"avia_inline_auto\" id=\"style-css-av-43oosl-0ff34a383fbb3cbb35b71ba91b8319bd\">\n.flex_cell.av-43oosl-0ff34a383fbb3cbb35b71ba91b8319bd{\nvertical-align:top;\nheight:5px;\nmin-height:5px;\nbackground-color:#acd464;\n}\n.responsive #top #wrap_all .flex_cell.av-43oosl-0ff34a383fbb3cbb35b71ba91b8319bd{\npadding:0px 0px 0px 0px !important;\n}\n<\/style>\n<div class='flex_cell av-43oosl-0ff34a383fbb3cbb35b71ba91b8319bd av-gridrow-cell av_one_fourth no_margin  avia-builder-el-4  el_after_av_cell_one_fourth  el_before_av_cell_one_fourth  content-align-top av-zero-padding'  ><div class='flex_cell_inner'><\/div><\/div>\n<style type=\"text\/css\" data-created_by=\"avia_inline_auto\" id=\"style-css-av-3v0jwt-0726e603182248636b0d760b543c815e\">\n.flex_cell.av-3v0jwt-0726e603182248636b0d760b543c815e{\nvertical-align:top;\nheight:5px;\nmin-height:5px;\nbackground-color:#e1fbb2;\n}\n.responsive #top #wrap_all .flex_cell.av-3v0jwt-0726e603182248636b0d760b543c815e{\npadding:0px 0px 0px 0px !important;\n}\n<\/style>\n<div class='flex_cell av-3v0jwt-0726e603182248636b0d760b543c815e av-gridrow-cell av_one_fourth no_margin  avia-builder-el-5  el_after_av_cell_one_fourth  avia-builder-el-last  content-align-top av-zero-padding'  ><div class='flex_cell_inner'><\/div><\/div>\n<\/div>\n<div id='av_section_1'  class='avia-section av-3ouad9-c7131888b97584c87da5fcf8a2e5f730 main_color avia-section-default avia-no-border-styling  avia-builder-el-6  el_after_av_layout_row  el_before_av_section  avia-bg-style-scroll container_wrap sidebar_right'  ><div class='container av-section-cont-open' ><div class='template-page content  av-content-small alpha units'><div class='post-entry post-entry-type-page post-entry-429'><div class='entry-content-wrapper clearfix'>\n<section  class='av_textblock_section av-lvkljcpf-766bee07e1491dd85746d2b79af9a2ca '   itemscope=\"itemscope\" itemtype=\"https:\/\/schema.org\/CreativeWork\" ><div class='avia_textblock'  itemprop=\"text\" ><h4>Her er<\/h4>\n<h1>Bestyrelsen i Lilliskovens b\u00f8rnehus<\/h1>\n<\/div><\/section>\n\n<\/div><\/div><\/div><!-- close content main div --><\/div><\/div><div id='av_section_2'  class='avia-section av-3lqnul-c88d6fa0276d1f1c26b49d817273d4d3 main_color avia-section-default avia-no-border-styling  avia-builder-el-8  el_after_av_section  el_before_av_section  avia-bg-style-scroll container_wrap sidebar_right'  ><div class='container av-section-cont-open' ><div class='template-page content  av-content-small alpha units'><div class='post-entry post-entry-type-page post-entry-429'><div class='entry-content-wrapper clearfix'>\n\n<style type=\"text\/css\" data-created_by=\"avia_inline_auto\" id=\"style-css-av-3cs1nh-d161aaacaa946930f34bbb2e6c99dc07\">\n.flex_column.av-3cs1nh-d161aaacaa946930f34bbb2e6c99dc07{\nborder-width:1px;\nborder-color:#43c03a;\nborder-style:solid;\npadding:20px 20px 20px 20px;\n}\n<\/style>\n<div  class='flex_column av-3cs1nh-d161aaacaa946930f34bbb2e6c99dc07 av_one_third  avia-builder-el-9  el_before_av_two_third  avia-builder-el-first  first flex_column_div  '     ><section  class='avia-team-member av-39l3j9-100266922eafbe98bea24ea7ad75cf18  avia-builder-el-10  avia-builder-el-no-sibling '  itemscope=\"itemscope\" itemtype=\"https:\/\/schema.org\/Person\" ><div class=\"team-img-container\"><img class='avia_image avia_image_team' src='https:\/\/lilleskoven.com\/wp-content\/uploads\/2024\/04\/Stine-1.jpg' alt='Stine Juul Pytlick'  itemprop=\"image\"   height=\"1200\" width=\"800\" \/><\/div><h3 class='team-member-name '  itemprop=\"name\" >Stine Juul Pytlick<\/h3><div class='team-member-job-title '  itemprop=\"jobTitle\" >Formand <\/div><div class='team-member-description '  itemprop=\"description\" ><p>Mail: stine.juul.j@gmail.com<br \/>\nTelefon 51279279<\/p>\n<\/div><span class='hidden team-member-affiliation'  itemprop=\"affiliation\" >Lilleskovens B\u00f8rnehus i Svendborg<\/span><\/section><\/div><div  class='flex_column av-71z2t-fa559da1c993f1b349ae98c5fec9a9b3 av_two_third  avia-builder-el-11  el_after_av_one_third  avia-builder-el-last  flex_column_div  '     ><section  class='av_textblock_section av-lvkxmdez-7d7d22002d5bff96be72bfa73e2c23da '   itemscope=\"itemscope\" itemtype=\"https:\/\/schema.org\/CreativeWork\" ><div class='avia_textblock'  itemprop=\"text\" ><p><strong>N\u00e6stformand: <\/strong>Melissa Winther Jakobsen<\/p>\n<p><strong>Bestyrelsesmedlem:\u00a0<\/strong>Jonas Lybker Juul<\/p>\n<p><strong>Bestyrelsesmedlem: <\/strong>Stine Manniche Larsen<\/p>\n<\/div><\/section><\/div><\/div><\/div><\/div><!-- close content main div --><\/div><\/div>\n<style type=\"text\/css\" data-created_by=\"avia_inline_auto\" id=\"style-css-av-1e0hgl-6db9edb8a883b26113d63ee5990875b6\">\n.avia-section.av-1e0hgl-6db9edb8a883b26113d63ee5990875b6 .av-section-color-overlay{\nopacity:0.8;\nbackground-color:#000000;\n}\n<\/style>\n<div id='av_section_3'  class='avia-section av-1e0hgl-6db9edb8a883b26113d63ee5990875b6 alternate_color avia-section-huge avia-no-border-styling  avia-builder-el-13  el_after_av_section  avia-builder-el-last  avia-bg-style-fixed av-section-color-overlay-active container_wrap sidebar_right'  ><div class=\"av-section-color-overlay-wrap\"><div class=\"av-section-color-overlay\"><\/div><div class='container av-section-cont-open' ><div class='template-page content  av-content-small alpha units'><div class='post-entry post-entry-type-page post-entry-429'><div class='entry-content-wrapper clearfix'>\n\n<style type=\"text\/css\" data-created_by=\"avia_inline_auto\" id=\"style-css-av-1ahksd-20c8a4aa7ed57db776867a670307c6d2\">\n.flex_column.av-1ahksd-20c8a4aa7ed57db776867a670307c6d2{\nborder-radius:0px 0px 0px 0px;\npadding:0px 0px 0px 0px;\n}\n<\/style>\n<div  class='flex_column av-1ahksd-20c8a4aa7ed57db776867a670307c6d2 av_one_fifth  avia-builder-el-14  el_before_av_three_fifth  avia-builder-el-first  first flex_column_div av-zero-column-padding  '     ><\/div>\n<style type=\"text\/css\" data-created_by=\"avia_inline_auto\" id=\"style-css-av-12tjad-ca20fdc5c39dcf13f3448ed35e4dcaba\">\n.flex_column.av-12tjad-ca20fdc5c39dcf13f3448ed35e4dcaba{\nborder-radius:0px 0px 0px 0px;\npadding:0px 0px 0px 0px;\n}\n<\/style>\n<div  class='flex_column av-12tjad-ca20fdc5c39dcf13f3448ed35e4dcaba av_three_fifth  avia-builder-el-15  el_after_av_one_fifth  el_before_av_one_fifth  flex_column_div av-zero-column-padding  '     ><p>\n<style type=\"text\/css\" data-created_by=\"avia_inline_auto\" id=\"style-css-av-wk4bh-e0ef38b663a3f4649a483bfa9cb9c8f5\">\n#top .av-special-heading.av-wk4bh-e0ef38b663a3f4649a483bfa9cb9c8f5{\npadding-bottom:20px;\nfont-size:50px;\n}\nbody .av-special-heading.av-wk4bh-e0ef38b663a3f4649a483bfa9cb9c8f5 .av-special-heading-tag .heading-char{\nfont-size:25px;\n}\n#top #wrap_all .av-special-heading.av-wk4bh-e0ef38b663a3f4649a483bfa9cb9c8f5 .av-special-heading-tag{\nfont-size:50px;\n}\n.av-special-heading.av-wk4bh-e0ef38b663a3f4649a483bfa9cb9c8f5 .av-subheading{\nfont-size:15px;\n}\n\n@media only screen and (min-width: 480px) and (max-width: 767px){ \n#top #wrap_all .av-special-heading.av-wk4bh-e0ef38b663a3f4649a483bfa9cb9c8f5 .av-special-heading-tag{\nfont-size:0.8em;\n}\n}\n\n@media only screen and (max-width: 479px){ \n#top #wrap_all .av-special-heading.av-wk4bh-e0ef38b663a3f4649a483bfa9cb9c8f5 .av-special-heading-tag{\nfont-size:0.8em;\n}\n}\n<\/style>\n<div  class='av-special-heading av-wk4bh-e0ef38b663a3f4649a483bfa9cb9c8f5 av-special-heading-h1 blockquote modern-quote modern-centered  avia-builder-el-16  el_before_av_textblock  avia-builder-el-first  av-inherit-size'><h1 class='av-special-heading-tag '  itemprop=\"headline\"  >Kontakt os endelig<\/h1><div class=\"special-heading-border\"><div class=\"special-heading-inner-border\"><\/div><\/div><\/div><br \/>\n<section  class='av_textblock_section av-p0q99-4e0f1f9bbc37731d5b2e54e1e308dc29 '   itemscope=\"itemscope\" itemtype=\"https:\/\/schema.org\/CreativeWork\" ><div class='avia_textblock'  itemprop=\"text\" ><p style=\"text-align: center;\">\u00d8nsker du at h\u00f8re mere om vores b\u00f8rnehus og de mange muligheder vi tilbyder &#8211; er du altid meget velkommen til at kontakte os p\u00e5 mail eller telefon.<\/p>\n<\/div><\/section><br \/>\n\n<style type=\"text\/css\" data-created_by=\"avia_inline_auto\" id=\"style-css-av-lp9bx-7550ff9ea17f60806d7e85f27a81465a\">\n#top .hr.hr-invisible.av-lp9bx-7550ff9ea17f60806d7e85f27a81465a{\nheight:20px;\n}\n<\/style>\n<div  class='hr av-lp9bx-7550ff9ea17f60806d7e85f27a81465a hr-invisible  avia-builder-el-18  el_after_av_textblock  el_before_av_button '><span class='hr-inner '><span class=\"hr-inner-style\"><\/span><\/span><\/div><br \/>\n<div  class='avia-button-wrap av-f4uj1-72324ae545df351455b234effb87cdd2-wrap avia-button-center  avia-builder-el-19  el_after_av_hr  avia-builder-el-last '><a href='https:\/\/lilleskoven.com\/index.php\/kontakt\/'  class='avia-button av-f4uj1-72324ae545df351455b234effb87cdd2 av-link-btn avia-icon_select-yes-right-icon avia-size-large avia-position-center av-icon-on-hover avia-color-light'   aria-label=\"Ring eller skriv\"><span class='avia_iconbox_title' >Ring eller skriv<\/span><span class='avia_button_icon avia_button_icon_right avia-iconfont avia-font-entypo-fontello' data-av_icon='\ue806' data-av_iconfont='entypo-fontello' ><\/span><\/a><\/div><\/p><\/div>\n<style type=\"text\/css\" data-created_by=\"avia_inline_auto\" id=\"style-css-av-y5hx-25a200d4e738b93db668f7e34ead807f\">\n.flex_column.av-y5hx-25a200d4e738b93db668f7e34ead807f{\nborder-radius:0px 0px 0px 0px;\npadding:0px 0px 0px 0px;\n}\n<\/style>\n<div  class='flex_column av-y5hx-25a200d4e738b93db668f7e34ead807f av_one_fifth  avia-builder-el-20  el_after_av_three_fifth  avia-builder-el-last  flex_column_div av-zero-column-padding  '     ><\/div>\n<\/div><\/div><\/div><!-- close content main div --><\/div><\/div><\/div><div id='after_section_3'  class='main_color av_default_container_wrap container_wrap sidebar_right'  ><div class='container av-section-cont-open' ><div class='template-page content  av-content-small alpha units'><div class='post-entry post-entry-type-page post-entry-429'><div class='entry-content-wrapper clearfix'><\/p>\n","protected":false},"excerpt":{"rendered":"","protected":false},"author":2,"featured_media":0,"parent":425,"menu_order":0,"comment_status":"closed","ping_status":"closed","template":"","meta":{"inline_featured_image":false,"footnotes":""},"class_list":["post-429","page","type-page","status-publish","hentry"],"yoast_head":"<!-- This site is optimized with the Yoast SEO plugin v27.5 - https:\/\/yoast.com\/product\/yoast-seo-wordpress\/ -->\n<title>Bestyrelsen - Lilleskovens B\u00f8rnehus i Svendborg<\/title>\n<meta name=\"robots\" content=\"index, follow, max-snippet:-1, max-image-preview:large, max-video-preview:-1\" \/>\n<link rel=\"canonical\" href=\"https:\/\/lilleskoven.com\/index.php\/kontakt\/bestyrelsen\/\" \/>\n<meta property=\"og:locale\" content=\"da_DK\" \/>\n<meta property=\"og:type\" content=\"article\" \/>\n<meta property=\"og:title\" content=\"Bestyrelsen - Lilleskovens B\u00f8rnehus i Svendborg\" \/>\n<meta property=\"og:url\" content=\"https:\/\/lilleskoven.com\/index.php\/kontakt\/bestyrelsen\/\" \/>\n<meta property=\"og:site_name\" content=\"Lilleskovens B\u00f8rnehus i Svendborg\" \/>\n<meta property=\"article:modified_time\" content=\"2024-05-06T08:18:22+00:00\" \/>\n<meta name=\"twitter:card\" content=\"summary_large_image\" \/>\n<meta name=\"twitter:label1\" content=\"Estimeret l\u00e6setid\" \/>\n\t<meta name=\"twitter:data1\" content=\"1 minut\" \/>\n<script type=\"application\/ld+json\" class=\"yoast-schema-graph\">{\"@context\":\"https:\\\/\\\/schema.org\",\"@graph\":[{\"@type\":\"WebPage\",\"@id\":\"https:\\\/\\\/lilleskoven.com\\\/index.php\\\/kontakt\\\/bestyrelsen\\\/\",\"url\":\"https:\\\/\\\/lilleskoven.com\\\/index.php\\\/kontakt\\\/bestyrelsen\\\/\",\"name\":\"Bestyrelsen - Lilleskovens B\u00f8rnehus i Svendborg\",\"isPartOf\":{\"@id\":\"https:\\\/\\\/lilleskoven.com\\\/#website\"},\"datePublished\":\"2023-08-28T10:36:59+00:00\",\"dateModified\":\"2024-05-06T08:18:22+00:00\",\"breadcrumb\":{\"@id\":\"https:\\\/\\\/lilleskoven.com\\\/index.php\\\/kontakt\\\/bestyrelsen\\\/#breadcrumb\"},\"inLanguage\":\"da-DK\",\"potentialAction\":[{\"@type\":\"ReadAction\",\"target\":[\"https:\\\/\\\/lilleskoven.com\\\/index.php\\\/kontakt\\\/bestyrelsen\\\/\"]}]},{\"@type\":\"BreadcrumbList\",\"@id\":\"https:\\\/\\\/lilleskoven.com\\\/index.php\\\/kontakt\\\/bestyrelsen\\\/#breadcrumb\",\"itemListElement\":[{\"@type\":\"ListItem\",\"position\":1,\"name\":\"Hjem\",\"item\":\"https:\\\/\\\/lilleskoven.com\\\/\"},{\"@type\":\"ListItem\",\"position\":2,\"name\":\"Kontakt\",\"item\":\"https:\\\/\\\/lilleskoven.com\\\/index.php\\\/kontakt\\\/\"},{\"@type\":\"ListItem\",\"position\":3,\"name\":\"Bestyrelsen\"}]},{\"@type\":\"WebSite\",\"@id\":\"https:\\\/\\\/lilleskoven.com\\\/#website\",\"url\":\"https:\\\/\\\/lilleskoven.com\\\/\",\"name\":\"Lilleskovens B\u00f8rnehus i Svendborg\",\"description\":\"Dit valg af vuggestue og b\u00f8rnehave\",\"publisher\":{\"@id\":\"https:\\\/\\\/lilleskoven.com\\\/#organization\"},\"potentialAction\":[{\"@type\":\"SearchAction\",\"target\":{\"@type\":\"EntryPoint\",\"urlTemplate\":\"https:\\\/\\\/lilleskoven.com\\\/?s={search_term_string}\"},\"query-input\":{\"@type\":\"PropertyValueSpecification\",\"valueRequired\":true,\"valueName\":\"search_term_string\"}}],\"inLanguage\":\"da-DK\"},{\"@type\":\"Organization\",\"@id\":\"https:\\\/\\\/lilleskoven.com\\\/#organization\",\"name\":\"Lilleskovens B\u00f8rnehus i Svendborg\",\"url\":\"https:\\\/\\\/lilleskoven.com\\\/\",\"logo\":{\"@type\":\"ImageObject\",\"inLanguage\":\"da-DK\",\"@id\":\"https:\\\/\\\/lilleskoven.com\\\/#\\\/schema\\\/logo\\\/image\\\/\",\"url\":\"https:\\\/\\\/lilleskoven.com\\\/wp-content\\\/uploads\\\/2024\\\/01\\\/Logo.svg\",\"contentUrl\":\"https:\\\/\\\/lilleskoven.com\\\/wp-content\\\/uploads\\\/2024\\\/01\\\/Logo.svg\",\"width\":\"1030\",\"height\":\"1030\",\"caption\":\"Lilleskovens B\u00f8rnehus i Svendborg\"},\"image\":{\"@id\":\"https:\\\/\\\/lilleskoven.com\\\/#\\\/schema\\\/logo\\\/image\\\/\"}}]}<\/script>\n<!-- \/ Yoast SEO plugin. -->","yoast_head_json":{"title":"Bestyrelsen - Lilleskovens B\u00f8rnehus i Svendborg","robots":{"index":"index","follow":"follow","max-snippet":"max-snippet:-1","max-image-preview":"max-image-preview:large","max-video-preview":"max-video-preview:-1"},"canonical":"https:\/\/lilleskoven.com\/index.php\/kontakt\/bestyrelsen\/","og_locale":"da_DK","og_type":"article","og_title":"Bestyrelsen - Lilleskovens B\u00f8rnehus i Svendborg","og_url":"https:\/\/lilleskoven.com\/index.php\/kontakt\/bestyrelsen\/","og_site_name":"Lilleskovens B\u00f8rnehus i Svendborg","article_modified_time":"2024-05-06T08:18:22+00:00","twitter_card":"summary_large_image","twitter_misc":{"Estimeret l\u00e6setid":"1 minut"},"schema":{"@context":"https:\/\/schema.org","@graph":[{"@type":"WebPage","@id":"https:\/\/lilleskoven.com\/index.php\/kontakt\/bestyrelsen\/","url":"https:\/\/lilleskoven.com\/index.php\/kontakt\/bestyrelsen\/","name":"Bestyrelsen - Lilleskovens B\u00f8rnehus i Svendborg","isPartOf":{"@id":"https:\/\/lilleskoven.com\/#website"},"datePublished":"2023-08-28T10:36:59+00:00","dateModified":"2024-05-06T08:18:22+00:00","breadcrumb":{"@id":"https:\/\/lilleskoven.com\/index.php\/kontakt\/bestyrelsen\/#breadcrumb"},"inLanguage":"da-DK","potentialAction":[{"@type":"ReadAction","target":["https:\/\/lilleskoven.com\/index.php\/kontakt\/bestyrelsen\/"]}]},{"@type":"BreadcrumbList","@id":"https:\/\/lilleskoven.com\/index.php\/kontakt\/bestyrelsen\/#breadcrumb","itemListElement":[{"@type":"ListItem","position":1,"name":"Hjem","item":"https:\/\/lilleskoven.com\/"},{"@type":"ListItem","position":2,"name":"Kontakt","item":"https:\/\/lilleskoven.com\/index.php\/kontakt\/"},{"@type":"ListItem","position":3,"name":"Bestyrelsen"}]},{"@type":"WebSite","@id":"https:\/\/lilleskoven.com\/#website","url":"https:\/\/lilleskoven.com\/","name":"Lilleskovens B\u00f8rnehus i Svendborg","description":"Dit valg af vuggestue og b\u00f8rnehave","publisher":{"@id":"https:\/\/lilleskoven.com\/#organization"},"potentialAction":[{"@type":"SearchAction","target":{"@type":"EntryPoint","urlTemplate":"https:\/\/lilleskoven.com\/?s={search_term_string}"},"query-input":{"@type":"PropertyValueSpecification","valueRequired":true,"valueName":"search_term_string"}}],"inLanguage":"da-DK"},{"@type":"Organization","@id":"https:\/\/lilleskoven.com\/#organization","name":"Lilleskovens B\u00f8rnehus i Svendborg","url":"https:\/\/lilleskoven.com\/","logo":{"@type":"ImageObject","inLanguage":"da-DK","@id":"https:\/\/lilleskoven.com\/#\/schema\/logo\/image\/","url":"https:\/\/lilleskoven.com\/wp-content\/uploads\/2024\/01\/Logo.svg","contentUrl":"https:\/\/lilleskoven.com\/wp-content\/uploads\/2024\/01\/Logo.svg","width":"1030","height":"1030","caption":"Lilleskovens B\u00f8rnehus i Svendborg"},"image":{"@id":"https:\/\/lilleskoven.com\/#\/schema\/logo\/image\/"}}]}},"_links":{"self":[{"href":"https:\/\/lilleskoven.com\/index.php\/wp-json\/wp\/v2\/pages\/429","targetHints":{"allow":["GET"]}}],"collection":[{"href":"https:\/\/lilleskoven.com\/index.php\/wp-json\/wp\/v2\/pages"}],"about":[{"href":"https:\/\/lilleskoven.com\/index.php\/wp-json\/wp\/v2\/types\/page"}],"author":[{"embeddable":true,"href":"https:\/\/lilleskoven.com\/index.php\/wp-json\/wp\/v2\/users\/2"}],"replies":[{"embeddable":true,"href":"https:\/\/lilleskoven.com\/index.php\/wp-json\/wp\/v2\/comments?post=429"}],"version-history":[{"count":5,"href":"https:\/\/lilleskoven.com\/index.php\/wp-json\/wp\/v2\/pages\/429\/revisions"}],"predecessor-version":[{"id":643,"href":"https:\/\/lilleskoven.com\/index.php\/wp-json\/wp\/v2\/pages\/429\/revisions\/643"}],"up":[{"embeddable":true,"href":"https:\/\/lilleskoven.com\/index.php\/wp-json\/wp\/v2\/pages\/425"}],"wp:attachment":[{"href":"https:\/\/lilleskoven.com\/index.php\/wp-json\/wp\/v2\/media?parent=429"}],"curies":[{"name":"wp","href":"https:\/\/api.w.org\/{rel}","templated":true}]}}